{"id":145,"date":"2022-08-25T15:29:28","date_gmt":"2022-08-25T15:29:28","guid":{"rendered":"https:\/\/aspmugroup.hu\/?page_id=145"},"modified":"2025-05-15T18:10:32","modified_gmt":"2025-05-15T18:10:32","slug":"referenciaszalonok","status":"publish","type":"page","link":"https:\/\/aspmugroup.hu\/?page_id=145","title":{"rendered":"Referenciaszalonok"},"content":{"rendered":"<p>[et_pb_section fb_built=&#8221;1&#8243; admin_label=&#8221;Header&#8221; _builder_version=&#8221;4.18.0&#8243; use_background_color_gradient=&#8221;on&#8221; background_color_gradient_direction=&#8221;90deg&#8221; background_color_gradient_stops=&#8221;#e2e2ea 50%|rgba(226,226,234,0) 100%&#8221; background_color_gradient_overlays_image=&#8221;on&#8221; background_color_gradient_start=&#8221;#e2e2ea&#8221; background_color_gradient_start_position=&#8221;50%&#8221; background_color_gradient_end=&#8221;rgba(226,226,234,0)&#8221; background_image=&#8221;https:\/\/aspmugroup.hu\/wp-content\/uploads\/2022\/08\/OPIUM-COLORS_EN-21-scaled.jpg&#8221; custom_padding=&#8221;6%|0px|140px|0px|false|false&#8221; global_colors_info=&#8221;{}&#8221;][et_pb_row _builder_version=&#8221;4.18.0&#8243; global_colors_info=&#8221;{}&#8221;][et_pb_column type=&#8221;4_4&#8243; _builder_version=&#8221;4.16&#8243; custom_padding=&#8221;|||&#8221; global_colors_info=&#8221;{}&#8221; custom_padding__hover=&#8221;|||&#8221;][et_pb_text _builder_version=&#8221;4.18.0&#8243; text_font=&#8221;Open Sans||||||||&#8221; text_font_size=&#8221;16px&#8221; text_line_height=&#8221;2em&#8221; header_font=&#8221;Playfair Display SC||||||||&#8221; header_font_size=&#8221;50px&#8221; header_line_height=&#8221;1.5em&#8221; header_6_font=&#8221;||||||||&#8221; max_width=&#8221;600px&#8221; max_width_last_edited=&#8221;off|desktop&#8221; custom_margin=&#8221;||80px|&#8221; custom_padding=&#8221;|||&#8221; text_font_size_tablet=&#8221;&#8221; text_font_size_phone=&#8221;14px&#8221; text_font_size_last_edited=&#8221;on|desktop&#8221; header_font_size_tablet=&#8221;50px&#8221; header_font_size_phone=&#8221;32px&#8221; header_font_size_last_edited=&#8221;on|phone&#8221; global_colors_info=&#8221;{}&#8221;]<\/p>\n<h2>Referenciaszolnjaink<\/h2>\n<p>Az AS referencia szalonokban a tetov\u00e1l\u00f3 szakemberek a legsz\u00ednvonalasabb term\u00e9kekkel \u00e9s magas szakmai tud\u00e1ssal v\u00e1rj\u00e1k a sz\u00e9p\u00fclni v\u00e1gy\u00f3 vend\u00e9geket.\u00a0<\/p>\n<p>Tal\u00e1lja meg \u00d6n is az \u00f6nnek legmegfelel\u0151bb szakembert.<\/p>\n<p>Itt csak olyan szalonok \u00e9s szakemberek\u00a0 szererepelnek, akik csakis kiv\u00e1l\u00f3 munk\u00e1t v\u00e9geznek . A term\u00e9kmin\u0151s\u00e9ggel nem lehet probl\u00e9ma, hiszen mindannyian az AS Company term\u00e9keit haszn\u00e1lj\u00e1k!<\/p>\n<p>[\/et_pb_text][\/et_pb_column][\/et_pb_row][\/et_pb_section][et_pb_section fb_built=&#8221;1&#8243; admin_label=&#8221;Services&#8221; module_class=&#8221; et_pb_specialty_fullwidth&#8221; _builder_version=&#8221;4.16&#8243; background_color=&#8221;#f2f4f3&#8243; max_width=&#8221;1280px&#8221; module_alignment=&#8221;center&#8221; inner_width_tablet=&#8221;80%&#8221; inner_width_phone=&#8221;80%&#8221; inner_width_last_edited=&#8221;on|desktop&#8221; inner_max_width_tablet=&#8221;80%&#8221; inner_max_width_phone=&#8221;80%&#8221; inner_max_width_last_edited=&#8221;on|desktop&#8221; custom_margin=&#8221;-80px|10%||10%||true&#8221; custom_padding=&#8221;|||&#8221; animation_style=&#8221;zoom&#8221; animation_intensity_zoom=&#8221;5%&#8221; border_width_all=&#8221;20px&#8221; border_color_all=&#8221;#ffffff&#8221; box_shadow_style=&#8221;preset3&#8243; box_shadow_vertical=&#8221;70px&#8221; box_shadow_blur=&#8221;150px&#8221; box_shadow_color=&#8221;rgba(0,0,0,0.2)&#8221; make_fullwidth=&#8221;on&#8221; global_colors_info=&#8221;{}&#8221;][et_pb_row _builder_version=&#8221;4.18.0&#8243; _module_preset=&#8221;default&#8221; global_colors_info=&#8221;{}&#8221;][et_pb_column type=&#8221;4_4&#8243; _builder_version=&#8221;4.18.0&#8243; _module_preset=&#8221;default&#8221; global_colors_info=&#8221;{}&#8221;][et_pb_image src=&#8221;https:\/\/aspmugroup.hu\/wp-content\/uploads\/2025\/05\/Flowers-Elegant-Gold-Thank-You-Card-1-1-scaled.png&#8221; title_text=&#8221;Flowers Elegant Gold Thank You Card (1)&#8221; _builder_version=&#8221;4.18.0&#8243; _module_preset=&#8221;default&#8221; hover_enabled=&#8221;0&#8243; global_colors_info=&#8221;{}&#8221; sticky_enabled=&#8221;0&#8243;][\/et_pb_image][\/et_pb_column][\/et_pb_row][\/et_pb_section][et_pb_section fb_built=&#8221;1&#8243; _builder_version=&#8221;4.18.0&#8243; _module_preset=&#8221;default&#8221; global_colors_info=&#8221;{}&#8221;][et_pb_row column_structure=&#8221;1_3,1_3,1_3&#8243; _builder_version=&#8221;4.18.0&#8243; _module_preset=&#8221;default&#8221; global_colors_info=&#8221;{}&#8221;][et_pb_column type=&#8221;1_3&#8243; _builder_version=&#8221;4.18.0&#8243; _module_preset=&#8221;default&#8221; global_colors_info=&#8221;{}&#8221;][et_pb_team_member name=&#8221;AS Academy &#8221; position=&#8221;PMU and Beauty szalon&#8221; image_url=&#8221;https:\/\/aspmugroup.hu\/wp-content\/uploads\/2025\/05\/academy_referncia.jpg&#8221; facebook_url=&#8221;https:\/\/www.facebook.com\/groups\/380017664573588&#8243; linkedin_url=&#8221;www.as-academy.hu&#8221; _builder_version=&#8221;4.18.0&#8243; _module_preset=&#8221;default&#8221; locked=&#8221;off&#8221; global_colors_info=&#8221;{}&#8221;]<\/p>\n<h1>Buda\u00f6rs<\/h1>\n<p>\u00c9bner Gy\u00f6rgy k\u00f6z 2.<br \/>Telefonsz\u00e1m: 0670\/ 402 1233<br \/>info@ascompany.hu<\/p>\n<p>[\/et_pb_team_member][\/et_pb_column][et_pb_column type=&#8221;1_3&#8243; _builder_version=&#8221;4.18.0&#8243; _module_preset=&#8221;default&#8221; global_colors_info=&#8221;{}&#8221;][et_pb_team_member name=&#8221;Dunai Krisztina&#8221; position=&#8221;Smink \u00e9s medical tetov\u00e1l\u00f3 szekember&#8221; image_url=&#8221;https:\/\/aspmugroup.hu\/wp-content\/uploads\/2025\/05\/dunai_referencia.jpg&#8221; facebook_url=&#8221;https:\/\/www.facebook.com\/orvositetovalas1&#8243; linkedin_url=&#8221;www.medicaltattoo.hu&#8221; _builder_version=&#8221;4.18.0&#8243; _module_preset=&#8221;default&#8221; global_colors_info=&#8221;{}&#8221;]<\/p>\n<h1><span>Budapest 13.ker\u00a0<\/span><\/h1>\n<p><a href=\"http:\/\/www.lassujudit.hu\/\" rel=\"noopener noreferrer\" target=\"_blank\" data-saferedirecturl=\"https:\/\/www.google.com\/url?q=http:\/\/www.lassujudit.hu&amp;source=gmail&amp;ust=1660813176964000&amp;usg=AOvVaw25E0fYF_I4saxYZRgkO_AH\">www.scalptattoo.hu www.medicaltattoo.hu<\/a><br \/><span>Szegedi \u00fat 50-52<\/span><br \/><span>Telefonsz\u00e1m: +3620 986-1311<\/span><\/p>\n<p>[\/et_pb_team_member][\/et_pb_column][et_pb_column type=&#8221;1_3&#8243; _builder_version=&#8221;4.18.0&#8243; _module_preset=&#8221;default&#8221; global_colors_info=&#8221;{}&#8221;][et_pb_team_member name=&#8221;Zita Kozmetika\u00a0&#8221; position=&#8221;K\u00e1vain\u00e9-Balab\u00e1n Zita \/ sminktetov\u00e1l\u00f3 szakember, mesterkozmetikus&#8221; image_url=&#8221;https:\/\/aspmugroup.hu\/wp-content\/uploads\/2025\/05\/DSCF8459i.jpg&#8221; facebook_url=&#8221;https:\/\/www.facebook.com\/zitacosmetics&#8221; _builder_version=&#8221;4.18.0&#8243; _module_preset=&#8221;default&#8221; hover_enabled=&#8221;0&#8243; global_colors_info=&#8221;{}&#8221; sticky_enabled=&#8221;0&#8243;]<\/p>\n<h1>Vecs\u00e9s<\/h1>\n<p><a href=\"http:\/\/www.zenszepsegstudio.hu\">https:\/\/zita-kozmetika.hu<\/a><\/p>\n<p>Mobil: +3670\/4582741<\/p>\n<p>C\u00edm: 2220 Vecs\u00e9s F\u0151 \u00fat 124.<\/p>\n<p>Facebook:<span>\u00a0<\/span><a href=\"http:\/\/www.facebook.com\/pages\/Zita-Kozmetika\/302149383221366?fref=ts\">Zita Kozmetika<\/a><\/p>\n<p>E-mail:<span>\u00a0<\/span><a href=\"mailto:info@zita-kozmetika.hu\">info@zita-kozmetika.hu<\/a><\/p>\n<p>[\/et_pb_team_member][\/et_pb_column][\/et_pb_row][et_pb_row column_structure=&#8221;1_3,1_3,1_3&#8243; _builder_version=&#8221;4.18.0&#8243; _module_preset=&#8221;default&#8221; global_colors_info=&#8221;{}&#8221;][et_pb_column type=&#8221;1_3&#8243; _builder_version=&#8221;4.18.0&#8243; _module_preset=&#8221;default&#8221; global_colors_info=&#8221;{}&#8221;][et_pb_team_member name=&#8221;T\u00f3th-Irimi\u00e1s Dalma&#8221; position=&#8221;Sminktetov\u00e1l\u00f3 szakember, mesterkozmetikus\u00a0&#8221; image_url=&#8221;https:\/\/aspmugroup.hu\/wp-content\/uploads\/2025\/05\/dalmareferencia.jpg&#8221; facebook_url=&#8221;https:\/\/www.facebook.com\/profile.php?id=100055662834543&#8243; linkedin_url=&#8221;www.as-academy.hu&#8221; _builder_version=&#8221;4.18.0&#8243; _module_preset=&#8221;default&#8221; global_colors_info=&#8221;{}&#8221;]<\/p>\n<h2 class=\"et_pb_module_header\"><span>\/ Vassz\u00e9cs\u00e9ny<\/span><\/h2>\n<div>\n<p><span>T\u00e1ncsics Mih\u00e1ly u. 6<br \/><\/span>Telefonsz\u00e0m: 0630\/ 538 9809<\/p>\n<\/div>\n<p>[\/et_pb_team_member][\/et_pb_column][et_pb_column type=&#8221;1_3&#8243; _builder_version=&#8221;4.18.0&#8243; _module_preset=&#8221;default&#8221; global_colors_info=&#8221;{}&#8221;][et_pb_team_member name=&#8221;Cecil sz\u00e9p\u00edt\u00e9szet&#8221; position=&#8221;Z\u00e1br\u00e1czki Szilvia \/ sminktetov\u00e1l\u00f3 szakember \/ nail educator&#8221; image_url=&#8221;https:\/\/aspmugroup.hu\/wp-content\/uploads\/2022\/12\/Black-Lips-Simple-Elegant-Beauty-Makeup-Poster-1.jpg&#8221; facebook_url=&#8221; https:\/\/www.facebook.com\/zabraczki.szilvia &#8221; _builder_version=&#8221;4.18.0&#8243; _module_preset=&#8221;default&#8221; global_colors_info=&#8221;{}&#8221;]<\/p>\n<h1><span>Tatab\u00e1nya<br \/><\/span><\/h1>\n<p><span><a href=\"http:\/\/www.zabraczkiszilvia.hu\/\" target=\"_blank\" data-saferedirecturl=\"https:\/\/www.google.com\/url?q=http:\/\/www.zabraczkiszilvia.hu\/&amp;source=gmail&amp;ust=1660813177995000&amp;usg=AOvVaw2J_e5ufmrphwtpE5HNbkQ2\" rel=\"noopener\">www.zabraczkiszilvia.hu<\/a>\u00a0<\/span><\/p>\n<p><span>K\u00f6zt\u00e1rsas\u00e1g \u00fatja 17. Fsz.2\u00a0<br \/>Telefonsz\u00e1m: 0670\/ 368 8870<\/span><\/p>\n<p>[\/et_pb_team_member][\/et_pb_column][et_pb_column type=&#8221;1_3&#8243; _builder_version=&#8221;4.18.0&#8243; _module_preset=&#8221;default&#8221; global_colors_info=&#8221;{}&#8221;][et_pb_team_member name=&#8221;Simon Erika&#8221; position=&#8221;Tetov\u00e1l\u00f3 szalon&#8221; image_url=&#8221;https:\/\/aspmugroup.hu\/wp-content\/uploads\/2025\/05\/IMG_5358.jpg&#8221; _builder_version=&#8221;4.18.0&#8243; _module_preset=&#8221;default&#8221; global_colors_info=&#8221;{}&#8221;]<\/p>\n<h1>Szolnok<\/h1>\n<p>Telefonsz\u00e1m: 0620\/ 387 2261<\/p>\n<p>[\/et_pb_team_member][\/et_pb_column][\/et_pb_row][et_pb_row column_structure=&#8221;1_3,1_3,1_3&#8243; _builder_version=&#8221;4.18.0&#8243; _module_preset=&#8221;default&#8221; global_colors_info=&#8221;{}&#8221;][et_pb_column type=&#8221;1_3&#8243; _builder_version=&#8221;4.18.0&#8243; _module_preset=&#8221;default&#8221; global_colors_info=&#8221;{}&#8221;][et_pb_team_member name=&#8221;Glam Bar by Laduver Orsolya&#8221; position=&#8221;Sminktetov\u00e1l\u00f3 kozmetikus szakember&#8221; image_url=&#8221;https:\/\/aspmugroup.hu\/wp-content\/uploads\/2022\/08\/lipjob.jpg&#8221; _builder_version=&#8221;4.18.0&#8243; _module_preset=&#8221;default&#8221; hover_enabled=&#8221;0&#8243; global_colors_info=&#8221;{}&#8221; sticky_enabled=&#8221;0&#8243;]<\/p>\n<h1>Szeged<\/h1>\n<p><strong><br \/><\/strong>Telefonsz\u00e1m: 0630\/ 928 8089<\/p>\n<p>[\/et_pb_team_member][\/et_pb_column][et_pb_column type=&#8221;1_3&#8243; _builder_version=&#8221;4.18.0&#8243; _module_preset=&#8221;default&#8221; global_colors_info=&#8221;{}&#8221;][et_pb_team_member name=&#8221;Professional Sz\u00e9ps\u00e9gszalon&#8221; position=&#8221;Kiskaponya Zita&#8221; image_url=&#8221;https:\/\/aspmugroup.hu\/wp-content\/uploads\/2022\/12\/IMG_2990.jpg&#8221; facebook_url=&#8221;https:\/\/www.facebook.com\/zita.kiskaponya&#8221; _builder_version=&#8221;4.18.0&#8243; _module_preset=&#8221;default&#8221; hover_enabled=&#8221;0&#8243; global_colors_info=&#8221;{}&#8221; sticky_enabled=&#8221;0&#8243;]<\/p>\n<h1><span>Kaposv\u00e1r\u00a0<\/span><\/h1>\n<p><span>Telefonsz\u00e1m: 0620\/ 977 5452<\/span><\/p>\n<p>[\/et_pb_team_member][\/et_pb_column][et_pb_column type=&#8221;1_3&#8243; _builder_version=&#8221;4.18.0&#8243; _module_preset=&#8221;default&#8221; global_colors_info=&#8221;{}&#8221;][et_pb_team_member name=&#8221;Beautybox sz\u00e9ps\u00e9gszalon&#8221; position=&#8221;G\u0151si Nat\u00e1lia&#8221; image_url=&#8221;https:\/\/aspmugroup.hu\/wp-content\/uploads\/2022\/11\/godollo-scaled.jpeg&#8221; facebook_url=&#8221;https:\/\/www.facebook.com\/bboxgodollo&#8221; twitter_url=&#8221;beautybox_szepsegszalon_&#8221; _builder_version=&#8221;4.18.0&#8243; _module_preset=&#8221;default&#8221; global_colors_info=&#8221;{}&#8221;]<\/p>\n<h1><span>G\u00f6d\u00f6ll\u0151 <\/span><\/h1>\n<p><span>Kossuth Lajos utca <\/span><\/p>\n<p><span>Telefonsz\u00e1m: 0620\/ 446 8244<\/span><\/p>\n<p>[\/et_pb_team_member][\/et_pb_column][\/et_pb_row][et_pb_row column_structure=&#8221;1_3,1_3,1_3&#8243; _builder_version=&#8221;4.18.0&#8243; _module_preset=&#8221;default&#8221; global_colors_info=&#8221;{}&#8221;][et_pb_column type=&#8221;1_3&#8243; _builder_version=&#8221;4.18.0&#8243; _module_preset=&#8221;default&#8221; global_colors_info=&#8221;{}&#8221;][et_pb_team_member name=&#8221;The Beauty Edition Budapest&#8221; position=&#8221;Borhidi Enik\u0151&#8221; image_url=&#8221;https:\/\/aspmugroup.hu\/wp-content\/uploads\/2022\/12\/batch_IMG_6015.jpg&#8221; facebook_url=&#8221;https:\/\/www.facebook.com\/thebeautyeditionbudapest&#8221; twitter_url=&#8221;_thebeautyeditionbudapest_ &#8221; _builder_version=&#8221;4.18.0&#8243; _module_preset=&#8221;default&#8221; global_colors_info=&#8221;{}&#8221;]<\/p>\n<h1><span>Budapest<\/span><\/h1>\n<p>Bajcsy-Zsilinszky \u00fat 74.<\/p>\n<p>Telefonsz\u00e1m: 0630\/ 977 0117\u202c<\/p>\n<p>[\/et_pb_team_member][\/et_pb_column][et_pb_column type=&#8221;1_3&#8243; _builder_version=&#8221;4.18.0&#8243; _module_preset=&#8221;default&#8221; global_colors_info=&#8221;{}&#8221;][et_pb_team_member position=&#8221;,&#8221; image_url=&#8221;https:\/\/aspmugroup.hu\/wp-content\/uploads\/2022\/08\/lipjob.jpg&#8221; facebook_url=&#8221;,&#8221; _builder_version=&#8221;4.18.0&#8243; _module_preset=&#8221;default&#8221; global_colors_info=&#8221;{}&#8221;][\/et_pb_team_member][\/et_pb_column][et_pb_column type=&#8221;1_3&#8243; _builder_version=&#8221;4.18.0&#8243; _module_preset=&#8221;default&#8221; global_colors_info=&#8221;{}&#8221;][et_pb_team_member name=&#8221;Eszt\u00e9tikai szalon&#8221; position=&#8221;M\u00e9sz\u00e1ros Gy\u00f6ngyi&#8221; image_url=&#8221;https:\/\/aspmugroup.hu\/wp-content\/uploads\/2022\/12\/20220427_215853.jpg&#8221; facebook_url=&#8221;https:\/\/www.facebook.com\/gyongyisminktetovalas&#8221; _builder_version=&#8221;4.18.0&#8243; _module_preset=&#8221;default&#8221; hover_enabled=&#8221;0&#8243; global_colors_info=&#8221;{}&#8221; sticky_enabled=&#8221;0&#8243;]<\/p>\n<h1><span>Szentes\/Kistelek<\/span><\/h1>\n<p><span>Kis Zsigmond u. 1\/5.\/\/Hunyadi u. 21<\/span><\/p>\n<p><span>Telefonsz\u00e1m: 0630\/ 471 3080<\/span><\/p>\n<p>[\/et_pb_team_member][\/et_pb_column][\/et_pb_row][\/et_pb_section][et_pb_section fb_built=&#8221;1&#8243; admin_label=&#8221;Packages&#8221; _builder_version=&#8221;4.16&#8243; background_image=&#8221;https:\/\/aspmugroup.hu\/wp-content\/uploads\/2022\/08\/makeyup-artist-43.jpg&#8221; background_size=&#8221;initial&#8221; background_position=&#8221;top_center&#8221; custom_padding=&#8221;180px|0px|54px|0px|false|false&#8221; global_colors_info=&#8221;{}&#8221;][\/et_pb_section][et_pb_section fb_built=&#8221;1&#8243; admin_label=&#8221;Footer&#8221; _builder_version=&#8221;4.16&#8243; background_color=&#8221;#1f1f1f&#8221; saved_tabs=&#8221;all&#8221; global_colors_info=&#8221;{}&#8221;][et_pb_row column_structure=&#8221;1_4,1_4,1_2&#8243; _builder_version=&#8221;4.16&#8243; global_colors_info=&#8221;{}&#8221;][et_pb_column type=&#8221;1_4&#8243; _builder_version=&#8221;4.16&#8243; custom_padding=&#8221;|||&#8221; global_colors_info=&#8221;{}&#8221; custom_padding__hover=&#8221;|||&#8221;][et_pb_text _builder_version=&#8221;4.18.0&#8243; text_font=&#8221;||||||||&#8221; link_font=&#8221;Open Sans|600|||||||&#8221; link_text_color=&#8221;#8d8181&#8243; link_font_size=&#8221;16px&#8221; link_line_height=&#8221;2em&#8221; header_font=&#8221;||||||||&#8221; header_2_font=&#8221;||||||||&#8221; header_3_font=&#8221;||||||||&#8221; header_4_font=&#8221;Playfair Display SC||||||||&#8221; header_4_font_size=&#8221;20px&#8221; header_4_line_height=&#8221;1.5em&#8221; background_layout=&#8221;dark&#8221; custom_margin=&#8221;|||&#8221; global_colors_info=&#8221;{}&#8221;]<\/p>\n<h4>Kapcsolat<\/h4>\n<h1><strong>AS Company Hungary Kft<\/strong><\/h1>\n<p><a href=\"#top\">+36 70 402-1233<\/a><\/p>\n<p>info@ascompany.hu<\/p>\n<p>[\/et_pb_text][\/et_pb_column][et_pb_column type=&#8221;1_4&#8243; _builder_version=&#8221;4.16&#8243; custom_padding=&#8221;|||&#8221; global_colors_info=&#8221;{}&#8221; custom_padding__hover=&#8221;|||&#8221;][et_pb_text _builder_version=&#8221;4.18.0&#8243; text_font=&#8221;||||||||&#8221; link_font=&#8221;Open Sans|600|||||||&#8221; link_text_color=&#8221;#8d8181&#8243; link_font_size=&#8221;16px&#8221; link_line_height=&#8221;2em&#8221; header_font=&#8221;||||||||&#8221; header_2_font=&#8221;||||||||&#8221; header_3_font=&#8221;||||||||&#8221; header_4_font=&#8221;Playfair Display SC||||||||&#8221; header_4_font_size=&#8221;20px&#8221; header_4_line_height=&#8221;1.5em&#8221; background_layout=&#8221;dark&#8221; custom_margin=&#8221;|||&#8221; global_colors_info=&#8221;{}&#8221;]<\/p>\n<h4>Sz\u00e9khely<\/h4>\n<p><span>9400 Sopron, Sport utca 1. fszt. 1.<\/span><\/p>\n<p>[\/et_pb_text][et_pb_text _builder_version=&#8221;4.18.0&#8243; text_font=&#8221;||||||||&#8221; link_font=&#8221;Open Sans|600|||||||&#8221; link_text_color=&#8221;#8d8181&#8243; link_font_size=&#8221;16px&#8221; link_line_height=&#8221;2em&#8221; header_font=&#8221;||||||||&#8221; header_2_font=&#8221;||||||||&#8221; header_3_font=&#8221;||||||||&#8221; header_4_font=&#8221;Playfair Display SC||||||||&#8221; header_4_font_size=&#8221;20px&#8221; header_4_line_height=&#8221;1.5em&#8221; background_layout=&#8221;dark&#8221; custom_margin=&#8221;20px||0px|&#8221; global_colors_info=&#8221;{}&#8221;]<\/p>\n<h4>K\u00f6vess minket!<\/h4>\n<p>&nbsp;<\/p>\n<p>[\/et_pb_text][et_pb_social_media_follow _builder_version=&#8221;4.18.0&#8243; custom_margin=&#8221;1px|||&#8221; border_radii=&#8221;on|0px|0px|0px|0px&#8221; border_width_all=&#8221;8px&#8221; border_color_all=&#8221;rgba(0,0,0,0)&#8221; global_colors_info=&#8221;{}&#8221;][et_pb_social_media_follow_network social_network=&#8221;facebook&#8221; url=&#8221;https:\/\/www.facebook.com\/aspmugroup&#8221; _builder_version=&#8221;4.18.0&#8243; background_color=&#8221;rgba(141,129,129,0.15)&#8221; global_colors_info=&#8221;{}&#8221; follow_button=&#8221;off&#8221; url_new_window=&#8221;on&#8221;]facebook[\/et_pb_social_media_follow_network][et_pb_social_media_follow_network social_network=&#8221;instagram&#8221; _builder_version=&#8221;4.16&#8243; background_color=&#8221;rgba(141,129,129,0.15)&#8221; global_colors_info=&#8221;{}&#8221; follow_button=&#8221;off&#8221; url_new_window=&#8221;on&#8221;]instagram[\/et_pb_social_media_follow_network][et_pb_social_media_follow_network social_network=&#8221;youtube&#8221; url=&#8221;https:\/\/www.youtube.com\/channel\/UC0XQeYX3OhaajYimLnS8x8g&#8221; _builder_version=&#8221;4.18.0&#8243; background_color=&#8221;rgba(141,129,129,0.15)&#8221; global_colors_info=&#8221;{}&#8221; follow_button=&#8221;off&#8221; url_new_window=&#8221;on&#8221;]youtube[\/et_pb_social_media_follow_network][\/et_pb_social_media_follow][\/et_pb_column][et_pb_column type=&#8221;1_2&#8243; _builder_version=&#8221;4.16&#8243; custom_padding=&#8221;|||&#8221; global_colors_info=&#8221;{}&#8221; custom_padding__hover=&#8221;|||&#8221;][et_pb_contact_form captcha=&#8221;off&#8221; title=&#8221;K\u00fcldj e-mailt&#8221; module_id=&#8221;et_pb_contact_form_0&#8243; _builder_version=&#8221;4.18.0&#8243; form_field_background_color=&#8221;rgba(141,129,129,0.15)&#8221; form_field_text_color=&#8221;rgba(255,255,255,0.8)&#8221; title_level=&#8221;h4&#8243; title_font=&#8221;Playfair Display SC||||||||&#8221; title_text_color=&#8221;#ffffff&#8221; title_font_size=&#8221;20px&#8221; title_line_height=&#8221;1.5em&#8221; form_field_font=&#8221;Open Sans||||||||&#8221; form_field_font_size=&#8221;16px&#8221; form_field_line_height=&#8221;1.5em&#8221; custom_button=&#8221;on&#8221; button_text_size=&#8221;13px&#8221; button_text_color=&#8221;#8d8181&#8243; button_bg_color=&#8221;rgba(0,0,0,0)&#8221; button_bg_color_gradient_stops=&#8221;rgba(255,255,255,0) 95%|#8d8181 95%&#8221; button_bg_color_gradient_start=&#8221;rgba(255,255,255,0)&#8221; button_bg_color_gradient_start_position=&#8221;95%&#8221; button_bg_color_gradient_end=&#8221;#8d8181&#8243; button_bg_color_gradient_end_position=&#8221;95%&#8221; button_border_width=&#8221;0px&#8221; button_border_radius=&#8221;0px&#8221; button_font=&#8221;|600|||||||&#8221; button_icon=&#8221;&#xe03c;||divi||400&#8243; button_icon_placement=&#8221;left&#8221; form_background_color=&#8221;rgba(141,129,129,0.15)&#8221; global_colors_info=&#8221;{}&#8221;][et_pb_contact_field field_id=&#8221;Name&#8221; field_title=&#8221;N\u00e9v&#8221; _builder_version=&#8221;4.18.0&#8243; global_colors_info=&#8221;{}&#8221; button_text_size__hover_enabled=&#8221;off&#8221; button_one_text_size__hover_enabled=&#8221;off&#8221; button_two_text_size__hover_enabled=&#8221;off&#8221; button_text_color__hover_enabled=&#8221;off&#8221; button_one_text_color__hover_enabled=&#8221;off&#8221; button_two_text_color__hover_enabled=&#8221;off&#8221; button_border_width__hover_enabled=&#8221;off&#8221; button_one_border_width__hover_enabled=&#8221;off&#8221; button_two_border_width__hover_enabled=&#8221;off&#8221; button_border_color__hover_enabled=&#8221;off&#8221; button_one_border_color__hover_enabled=&#8221;off&#8221; button_two_border_color__hover_enabled=&#8221;off&#8221; button_border_radius__hover_enabled=&#8221;off&#8221; button_one_border_radius__hover_enabled=&#8221;off&#8221; button_two_border_radius__hover_enabled=&#8221;off&#8221; button_letter_spacing__hover_enabled=&#8221;off&#8221; button_one_letter_spacing__hover_enabled=&#8221;off&#8221; button_two_letter_spacing__hover_enabled=&#8221;off&#8221; button_bg_color__hover_enabled=&#8221;off&#8221; button_one_bg_color__hover_enabled=&#8221;off&#8221; button_two_bg_color__hover_enabled=&#8221;off&#8221;][\/et_pb_contact_field][et_pb_contact_field field_id=&#8221;Email&#8221; field_title=&#8221;Email c\u00edm&#8221; field_type=&#8221;email&#8221; _builder_version=&#8221;4.18.0&#8243; global_colors_info=&#8221;{}&#8221; button_text_size__hover_enabled=&#8221;off&#8221; button_one_text_size__hover_enabled=&#8221;off&#8221; button_two_text_size__hover_enabled=&#8221;off&#8221; button_text_color__hover_enabled=&#8221;off&#8221; button_one_text_color__hover_enabled=&#8221;off&#8221; button_two_text_color__hover_enabled=&#8221;off&#8221; button_border_width__hover_enabled=&#8221;off&#8221; button_one_border_width__hover_enabled=&#8221;off&#8221; button_two_border_width__hover_enabled=&#8221;off&#8221; button_border_color__hover_enabled=&#8221;off&#8221; button_one_border_color__hover_enabled=&#8221;off&#8221; button_two_border_color__hover_enabled=&#8221;off&#8221; button_border_radius__hover_enabled=&#8221;off&#8221; button_one_border_radius__hover_enabled=&#8221;off&#8221; button_two_border_radius__hover_enabled=&#8221;off&#8221; button_letter_spacing__hover_enabled=&#8221;off&#8221; button_one_letter_spacing__hover_enabled=&#8221;off&#8221; button_two_letter_spacing__hover_enabled=&#8221;off&#8221; button_bg_color__hover_enabled=&#8221;off&#8221; button_one_bg_color__hover_enabled=&#8221;off&#8221; button_two_bg_color__hover_enabled=&#8221;off&#8221;][\/et_pb_contact_field][et_pb_contact_field field_id=&#8221;Notes&#8221; field_title=&#8221;\u00dczenet&#8221; field_type=&#8221;text&#8221; fullwidth_field=&#8221;on&#8221; _builder_version=&#8221;4.18.0&#8243; global_colors_info=&#8221;{}&#8221; button_text_size__hover_enabled=&#8221;off&#8221; button_one_text_size__hover_enabled=&#8221;off&#8221; button_two_text_size__hover_enabled=&#8221;off&#8221; button_text_color__hover_enabled=&#8221;off&#8221; button_one_text_color__hover_enabled=&#8221;off&#8221; button_two_text_color__hover_enabled=&#8221;off&#8221; button_border_width__hover_enabled=&#8221;off&#8221; button_one_border_width__hover_enabled=&#8221;off&#8221; button_two_border_width__hover_enabled=&#8221;off&#8221; button_border_color__hover_enabled=&#8221;off&#8221; button_one_border_color__hover_enabled=&#8221;off&#8221; button_two_border_color__hover_enabled=&#8221;off&#8221; button_border_radius__hover_enabled=&#8221;off&#8221; button_one_border_radius__hover_enabled=&#8221;off&#8221; button_two_border_radius__hover_enabled=&#8221;off&#8221; button_letter_spacing__hover_enabled=&#8221;off&#8221; button_one_letter_spacing__hover_enabled=&#8221;off&#8221; button_two_letter_spacing__hover_enabled=&#8221;off&#8221; button_bg_color__hover_enabled=&#8221;off&#8221; button_one_bg_color__hover_enabled=&#8221;off&#8221; button_two_bg_color__hover_enabled=&#8221;off&#8221;][\/et_pb_contact_field][\/et_pb_contact_form][\/et_pb_column][\/et_pb_row][\/et_pb_section]<\/p>\n","protected":false},"excerpt":{"rendered":"<p>Referenciaszolnjaink Az AS referencia szalonokban a tetov\u00e1l\u00f3 szakemberek a legsz\u00ednvonalasabb term\u00e9kekkel \u00e9s magas szakmai tud\u00e1ssal v\u00e1rj\u00e1k a sz\u00e9p\u00fclni v\u00e1gy\u00f3 vend\u00e9geket.\u00a0 Tal\u00e1lja meg \u00d6n is az \u00f6nnek legmegfelel\u0151bb szakembert. Itt csak olyan szalonok \u00e9s szakemberek\u00a0 szererepelnek, akik csakis kiv\u00e1l\u00f3 munk\u00e1t v\u00e9geznek . A term\u00e9kmin\u0151s\u00e9ggel nem lehet probl\u00e9ma, hiszen mindannyian az AS Company term\u00e9keit haszn\u00e1lj\u00e1k!Buda\u00f6rs \u00c9bner Gy\u00f6rgy [&hellip;]<\/p>\n","protected":false},"author":1,"featured_media":0,"parent":0,"menu_order":0,"comment_status":"closed","ping_status":"closed","template":"","meta":{"_et_pb_use_builder":"on","_et_pb_old_content":"","_et_gb_content_width":"","footnotes":""},"class_list":["post-145","page","type-page","status-publish","hentry"],"_links":{"self":[{"href":"https:\/\/aspmugroup.hu\/index.php?rest_route=\/wp\/v2\/pages\/145","targetHints":{"allow":["GET"]}}],"collection":[{"href":"https:\/\/aspmugroup.hu\/index.php?rest_route=\/wp\/v2\/pages"}],"about":[{"href":"https:\/\/aspmugroup.hu\/index.php?rest_route=\/wp\/v2\/types\/page"}],"author":[{"embeddable":true,"href":"https:\/\/aspmugroup.hu\/index.php?rest_route=\/wp\/v2\/users\/1"}],"replies":[{"embeddable":true,"href":"https:\/\/aspmugroup.hu\/index.php?rest_route=%2Fwp%2Fv2%2Fcomments&post=145"}],"version-history":[{"count":24,"href":"https:\/\/aspmugroup.hu\/index.php?rest_route=\/wp\/v2\/pages\/145\/revisions"}],"predecessor-version":[{"id":365,"href":"https:\/\/aspmugroup.hu\/index.php?rest_route=\/wp\/v2\/pages\/145\/revisions\/365"}],"wp:attachment":[{"href":"https:\/\/aspmugroup.hu\/index.php?rest_route=%2Fwp%2Fv2%2Fmedia&parent=145"}],"curies":[{"name":"wp","href":"https:\/\/api.w.org\/{rel}","templated":true}]}}